{"id":194,"date":"2024-08-15T09:21:51","date_gmt":"2024-08-15T12:21:51","guid":{"rendered":"https:\/\/tpcadvogados.com.br\/?page_id=194"},"modified":"2025-04-03T18:34:36","modified_gmt":"2025-04-03T21:34:36","slug":"seis-profissionais-talentosos","status":"publish","type":"page","link":"https:\/\/tpcadvogados.com.br\/en\/quem-somos\/nossa-historia\/seis-profissionais-talentosos\/","title":{"rendered":"Experienced professionals"},"content":{"rendered":"<p>The law firm has a team made up of experienced professionals from different practice areas and industries. With an established presence in Belo Horizonte, S\u00e3o Paulo, Bras\u00edlia and Cuiab\u00e1, we can serve clients throughout the country, offering security, transparency, agility and a personal touch in every interaction.<\/p>","protected":false},"excerpt":{"rendered":"<p>The law firm has a team made up of experienced professionals from different practice areas and industries. With an established presence in Belo Horizonte, S\u00e3o [&hellip;]<\/p>\n","protected":false},"author":3,"featured_media":0,"parent":191,"menu_order":22,"comment_status":"closed","ping_status":"closed","template":"","meta":{"_acf_changed":false,"footnotes":""},"class_list":["post-194","page","type-page","status-publish","hentry"],"acf":[],"yoast_head":"<!-- This site is optimized with the Yoast SEO plugin v26.5 - https:\/\/yoast.com\/wordpress\/plugins\/seo\/ -->\n<title>Experienced professionals - TPC Advogados<\/title>\n<meta name=\"robots\" content=\"index, follow, max-snippet:-1, max-image-preview:large, max-video-preview:-1\" \/>\n<link rel=\"canonical\" href=\"https:\/\/tpcadvogados.com.br\/quem-somos\/nossa-historia\/seis-profissionais-talentosos\/\" \/>\n<meta property=\"og:locale\" content=\"en_US\" \/>\n<meta property=\"og:type\" content=\"article\" \/>\n<meta property=\"og:title\" content=\"[:pb]Profissionais experientes[:en]Experienced professionals[:] - TPC Advogados\" \/>\n<meta property=\"og:description\" content=\"The law firm has a team made up of experienced professionals from different practice areas and industries. With an established presence in Belo Horizonte, S\u00e3o [&hellip;]\" \/>\n<meta property=\"og:url\" content=\"https:\/\/tpcadvogados.com.br\/quem-somos\/nossa-historia\/seis-profissionais-talentosos\/\" \/>\n<meta property=\"og:site_name\" content=\"TPC Advogados\" \/>\n<meta property=\"article:modified_time\" content=\"2025-04-03T21:34:36+00:00\" \/>\n<meta name=\"twitter:card\" content=\"summary_large_image\" \/>\n<meta name=\"twitter:label1\" content=\"Est. reading time\" \/>\n\t<meta name=\"twitter:data1\" content=\"1 minute\" \/>\n<script type=\"application\/ld+json\" class=\"yoast-schema-graph\">{\"@context\":\"https:\/\/schema.org\",\"@graph\":[{\"@type\":\"WebPage\",\"@id\":\"https:\/\/tpcadvogados.com.br\/quem-somos\/nossa-historia\/seis-profissionais-talentosos\/\",\"url\":\"https:\/\/tpcadvogados.com.br\/quem-somos\/nossa-historia\/seis-profissionais-talentosos\/\",\"name\":\"[:pb]Profissionais experientes[:en]Experienced professionals[:] - TPC Advogados\",\"isPartOf\":{\"@id\":\"https:\/\/tpcadvogados.com.br\/#website\"},\"datePublished\":\"2024-08-15T12:21:51+00:00\",\"dateModified\":\"2025-04-03T21:34:36+00:00\",\"breadcrumb\":{\"@id\":\"https:\/\/tpcadvogados.com.br\/quem-somos\/nossa-historia\/seis-profissionais-talentosos\/#breadcrumb\"},\"inLanguage\":\"en-US\",\"potentialAction\":[{\"@type\":\"ReadAction\",\"target\":[\"https:\/\/tpcadvogados.com.br\/quem-somos\/nossa-historia\/seis-profissionais-talentosos\/\"]}]},{\"@type\":\"BreadcrumbList\",\"@id\":\"https:\/\/tpcadvogados.com.br\/quem-somos\/nossa-historia\/seis-profissionais-talentosos\/#breadcrumb\",\"itemListElement\":[{\"@type\":\"ListItem\",\"position\":1,\"name\":\"Home\",\"item\":\"https:\/\/www.tpcadvogados.com.br\/en\/\"},{\"@type\":\"ListItem\",\"position\":2,\"name\":\"Quem Somos\",\"item\":\"https:\/\/tpcadvogados.com.br\/quem-somos\/\"},{\"@type\":\"ListItem\",\"position\":3,\"name\":\"Nossa hist\u00f3ria\",\"item\":\"https:\/\/tpcadvogados.com.br\/quem-somos\/nossa-historia\/\"},{\"@type\":\"ListItem\",\"position\":4,\"name\":\"Profissionais experientes\"}]},{\"@type\":\"WebSite\",\"@id\":\"https:\/\/tpcadvogados.com.br\/#website\",\"url\":\"https:\/\/tpcadvogados.com.br\/\",\"name\":\"TPC Advogados\",\"description\":\"\",\"publisher\":{\"@id\":\"https:\/\/tpcadvogados.com.br\/#organization\"},\"potentialAction\":[{\"@type\":\"SearchAction\",\"target\":{\"@type\":\"EntryPoint\",\"urlTemplate\":\"https:\/\/tpcadvogados.com.br\/?s={search_term_string}\"},\"query-input\":{\"@type\":\"PropertyValueSpecification\",\"valueRequired\":true,\"valueName\":\"search_term_string\"}}],\"inLanguage\":\"en-US\"},{\"@type\":\"Organization\",\"@id\":\"https:\/\/tpcadvogados.com.br\/#organization\",\"name\":\"TPC Advogados\",\"url\":\"https:\/\/tpcadvogados.com.br\/\",\"logo\":{\"@type\":\"ImageObject\",\"inLanguage\":\"en-US\",\"@id\":\"https:\/\/tpcadvogados.com.br\/#\/schema\/logo\/image\/\",\"url\":\"https:\/\/tpcadvogados.com.br\/wp-content\/uploads\/2024\/08\/favicon.png\",\"contentUrl\":\"https:\/\/tpcadvogados.com.br\/wp-content\/uploads\/2024\/08\/favicon.png\",\"width\":512,\"height\":512,\"caption\":\"TPC Advogados\"},\"image\":{\"@id\":\"https:\/\/tpcadvogados.com.br\/#\/schema\/logo\/image\/\"}}]}<\/script>\n<!-- \/ Yoast SEO plugin. -->","yoast_head_json":{"title":"[:pb]Profissionais experientes[:en]Experienced professionals[:] - TPC Advogados","robots":{"index":"index","follow":"follow","max-snippet":"max-snippet:-1","max-image-preview":"max-image-preview:large","max-video-preview":"max-video-preview:-1"},"canonical":"https:\/\/tpcadvogados.com.br\/quem-somos\/nossa-historia\/seis-profissionais-talentosos\/","og_locale":"en_US","og_type":"article","og_title":"[:pb]Profissionais experientes[:en]Experienced professionals[:] - TPC Advogados","og_description":"The law firm has a team made up of experienced professionals from different practice areas and industries. With an established presence in Belo Horizonte, S\u00e3o [&hellip;]","og_url":"https:\/\/tpcadvogados.com.br\/quem-somos\/nossa-historia\/seis-profissionais-talentosos\/","og_site_name":"TPC Advogados","article_modified_time":"2025-04-03T21:34:36+00:00","twitter_card":"summary_large_image","twitter_misc":{"Est. reading time":"1 minute"},"schema":{"@context":"https:\/\/schema.org","@graph":[{"@type":"WebPage","@id":"https:\/\/tpcadvogados.com.br\/quem-somos\/nossa-historia\/seis-profissionais-talentosos\/","url":"https:\/\/tpcadvogados.com.br\/quem-somos\/nossa-historia\/seis-profissionais-talentosos\/","name":"[:pb]Profissionais experientes[:en]Experienced professionals[:] - TPC Advogados","isPartOf":{"@id":"https:\/\/tpcadvogados.com.br\/#website"},"datePublished":"2024-08-15T12:21:51+00:00","dateModified":"2025-04-03T21:34:36+00:00","breadcrumb":{"@id":"https:\/\/tpcadvogados.com.br\/quem-somos\/nossa-historia\/seis-profissionais-talentosos\/#breadcrumb"},"inLanguage":"en-US","potentialAction":[{"@type":"ReadAction","target":["https:\/\/tpcadvogados.com.br\/quem-somos\/nossa-historia\/seis-profissionais-talentosos\/"]}]},{"@type":"BreadcrumbList","@id":"https:\/\/tpcadvogados.com.br\/quem-somos\/nossa-historia\/seis-profissionais-talentosos\/#breadcrumb","itemListElement":[{"@type":"ListItem","position":1,"name":"Home","item":"https:\/\/www.tpcadvogados.com.br\/en\/"},{"@type":"ListItem","position":2,"name":"Quem Somos","item":"https:\/\/tpcadvogados.com.br\/quem-somos\/"},{"@type":"ListItem","position":3,"name":"Nossa hist\u00f3ria","item":"https:\/\/tpcadvogados.com.br\/quem-somos\/nossa-historia\/"},{"@type":"ListItem","position":4,"name":"Profissionais experientes"}]},{"@type":"WebSite","@id":"https:\/\/tpcadvogados.com.br\/#website","url":"https:\/\/tpcadvogados.com.br\/","name":"TPC Advogados","description":"","publisher":{"@id":"https:\/\/tpcadvogados.com.br\/#organization"},"potentialAction":[{"@type":"SearchAction","target":{"@type":"EntryPoint","urlTemplate":"https:\/\/tpcadvogados.com.br\/?s={search_term_string}"},"query-input":{"@type":"PropertyValueSpecification","valueRequired":true,"valueName":"search_term_string"}}],"inLanguage":"en-US"},{"@type":"Organization","@id":"https:\/\/tpcadvogados.com.br\/#organization","name":"TPC Advogados","url":"https:\/\/tpcadvogados.com.br\/","logo":{"@type":"ImageObject","inLanguage":"en-US","@id":"https:\/\/tpcadvogados.com.br\/#\/schema\/logo\/image\/","url":"https:\/\/tpcadvogados.com.br\/wp-content\/uploads\/2024\/08\/favicon.png","contentUrl":"https:\/\/tpcadvogados.com.br\/wp-content\/uploads\/2024\/08\/favicon.png","width":512,"height":512,"caption":"TPC Advogados"},"image":{"@id":"https:\/\/tpcadvogados.com.br\/#\/schema\/logo\/image\/"}}]}},"_links":{"self":[{"href":"https:\/\/tpcadvogados.com.br\/en\/wp-json\/wp\/v2\/pages\/194","targetHints":{"allow":["GET"]}}],"collection":[{"href":"https:\/\/tpcadvogados.com.br\/en\/wp-json\/wp\/v2\/pages"}],"about":[{"href":"https:\/\/tpcadvogados.com.br\/en\/wp-json\/wp\/v2\/types\/page"}],"author":[{"embeddable":true,"href":"https:\/\/tpcadvogados.com.br\/en\/wp-json\/wp\/v2\/users\/3"}],"replies":[{"embeddable":true,"href":"https:\/\/tpcadvogados.com.br\/en\/wp-json\/wp\/v2\/comments?post=194"}],"version-history":[{"count":1,"href":"https:\/\/tpcadvogados.com.br\/en\/wp-json\/wp\/v2\/pages\/194\/revisions"}],"predecessor-version":[{"id":729,"href":"https:\/\/tpcadvogados.com.br\/en\/wp-json\/wp\/v2\/pages\/194\/revisions\/729"}],"up":[{"embeddable":true,"href":"https:\/\/tpcadvogados.com.br\/en\/wp-json\/wp\/v2\/pages\/191"}],"wp:attachment":[{"href":"https:\/\/tpcadvogados.com.br\/en\/wp-json\/wp\/v2\/media?parent=194"}],"curies":[{"name":"wp","href":"https:\/\/api.w.org\/{rel}","templated":true}]}}