{"id":86,"date":"2024-08-14T16:28:47","date_gmt":"2024-08-14T19:28:47","guid":{"rendered":"https:\/\/tpcadvogados.com.br\/?page_id=86"},"modified":"2026-02-25T17:59:07","modified_gmt":"2026-02-25T20:59:07","slug":"reconhecimentos","status":"publish","type":"page","link":"https:\/\/tpcadvogados.com.br\/en\/reconhecimentos\/","title":{"rendered":"Awards"},"content":{"rendered":"<p>We are recognized as one of the best law firms in Brazil by the most respected legal rankings, both nationally and internationally, such as Chambers and Partners, Leaders League, International Tax Review and Anu\u00e1rio An\u00e1lise Advocacia. For more than 10 years we have been highlighted by the An\u00e1lise Advocacia as one of the most admired law firms in Brazil. For more than 10 years, we have also been among the three most admired firms in Minas Gerais and in several practice areas and economic sectors.<\/p>\n<p>In addition to being recognized for technical excellence in legal services, we have also received several awards related to innovation and technology applied to law and legal management.<\/p>\n<p>&nbsp;<\/p>\n<ul class='gallery' id='gal2'>\n           \n\t\t   \n\t\t<li><div class='foto' style='background-image: url(https:\/\/tpcadvogados.com.br\/wp-content\/uploads\/2025\/07\/TPC-Avatar-1-2.png);'><a href='https:\/\/tpcadvogados.com.br\/wp-content\/uploads\/2025\/07\/TPC-Avatar-1-2.png' data-fancybox='images' data-caption=''><\/a><\/div><\/li>\n         \n           \n           \n\t\t   \n\t\t<li><div class='foto' style='background-image: url(https:\/\/tpcadvogados.com.br\/wp-content\/uploads\/2024\/12\/TPC-Avatar-1.png);'><a href='https:\/\/tpcadvogados.com.br\/wp-content\/uploads\/2024\/12\/TPC-Avatar-1.png' data-fancybox='images' data-caption=''><\/a><\/div><\/li>\n         \n           \n           \n\t\t   \n\t\t<li><div class='foto' style='background-image: url(https:\/\/tpcadvogados.com.br\/wp-content\/uploads\/2024\/08\/itr24-1.png);'><a href='https:\/\/tpcadvogados.com.br\/wp-content\/uploads\/2024\/08\/itr24-1.png' data-fancybox='images' data-caption=''><\/a><\/div><\/li>\n         \n           \n           \n\t\t   \n\t\t<li><div class='foto' style='background-image: url(https:\/\/tpcadvogados.com.br\/wp-content\/uploads\/2025\/07\/selo-certificado-escritorio-vertical-819x1024.png);'><a href='https:\/\/tpcadvogados.com.br\/wp-content\/uploads\/2025\/07\/selo-certificado-escritorio-vertical.png' data-fancybox='images' data-caption=''><\/a><\/div><\/li>\n         \n           \n           \n\t\t   \n\t\t<li><div class='foto' style='background-image: url(https:\/\/tpcadvogados.com.br\/wp-content\/uploads\/2024\/12\/SELO_ESCRITORIO-1-791x1024.png);'><a href='https:\/\/tpcadvogados.com.br\/wp-content\/uploads\/2024\/12\/SELO_ESCRITORIO-1.png' data-fancybox='images' data-caption=''><\/a><\/div><\/li>\n         \n           \n           \n\t\t   \n\t\t<li><div class='foto' style='background-image: url(https:\/\/tpcadvogados.com.br\/wp-content\/uploads\/2025\/07\/TPC-Avatar-3.png);'><a href='https:\/\/tpcadvogados.com.br\/wp-content\/uploads\/2025\/07\/TPC-Avatar-3.png' data-fancybox='images' data-caption=''><\/a><\/div><\/li>\n         \n           \n           \n\t\t   \n\t\t<li><div class='foto' style='background-image: url(https:\/\/tpcadvogados.com.br\/wp-content\/uploads\/2024\/08\/ll24-1.png);'><a href='https:\/\/tpcadvogados.com.br\/wp-content\/uploads\/2024\/08\/ll24-1.png' data-fancybox='images' data-caption=''><\/a><\/div><\/li>\n         \n           \n           \n\t\t   \n\t\t<li><div class='foto' style='background-image: url(https:\/\/tpcadvogados.com.br\/wp-content\/uploads\/2024\/08\/ab2l24-1.png);'><a href='https:\/\/tpcadvogados.com.br\/wp-content\/uploads\/2024\/08\/ab2l24-1.png' data-fancybox='images' data-caption=''><\/a><\/div><\/li>\n         \n           \n           \n\t\t   \n\t\t<li><div class='foto' style='background-image: url(https:\/\/tpcadvogados.com.br\/wp-content\/uploads\/2024\/08\/analise24-1.png);'><a href='https:\/\/tpcadvogados.com.br\/wp-content\/uploads\/2024\/08\/analise24-1.png' data-fancybox='images' data-caption=''><\/a><\/div><\/li>\n         \n           \n           \n\t\t   \n\t\t<li><div class='foto' style='background-image: url(https:\/\/tpcadvogados.com.br\/wp-content\/uploads\/2024\/08\/analise_div_24-1.png);'><a href='https:\/\/tpcadvogados.com.br\/wp-content\/uploads\/2024\/08\/analise_div_24-1.png' data-fancybox='images' data-caption=''><\/a><\/div><\/li>\n         \n           <\/ul>\n\n<p><ul class='gallery' id='gal3'>\n           \n\t\t   \n\t\t<li><div class='foto' style='background-image: url(https:\/\/tpcadvogados.com.br\/wp-content\/uploads\/2024\/08\/analise_div_23.png);'><a href='https:\/\/tpcadvogados.com.br\/wp-content\/uploads\/2024\/08\/analise_div_23.png' data-fancybox='images' data-caption=''><\/a><\/div><\/li>\n         \n           \n           \n\t\t   \n\t\t<li><div class='foto' style='background-image: url(https:\/\/tpcadvogados.com.br\/wp-content\/uploads\/2024\/12\/fenalaw-1024x1024.png);'><a href='https:\/\/tpcadvogados.com.br\/wp-content\/uploads\/2024\/12\/fenalaw.png' data-fancybox='images' data-caption=''><\/a><\/div><\/li>\n         \n           \n           \n\t\t   \n\t\t<li><div class='foto' style='background-image: url(https:\/\/tpcadvogados.com.br\/wp-content\/uploads\/2024\/08\/ab2l23.png);'><a href='https:\/\/tpcadvogados.com.br\/wp-content\/uploads\/2024\/08\/ab2l23.png' data-fancybox='images' data-caption=''><\/a><\/div><\/li>\n         \n           \n           \n\t\t   \n\t\t<li><div class='foto' style='background-image: url(https:\/\/tpcadvogados.com.br\/wp-content\/uploads\/2024\/08\/cesa23-1.png);'><a href='https:\/\/tpcadvogados.com.br\/wp-content\/uploads\/2024\/08\/cesa23-1.png' data-fancybox='images' data-caption=''><\/a><\/div><\/li>\n         \n           \n           \n\t\t   \n\t\t<li><div class='foto' style='background-image: url(https:\/\/tpcadvogados.com.br\/wp-content\/uploads\/2024\/08\/analise_reg_23.png);'><a href='https:\/\/tpcadvogados.com.br\/wp-content\/uploads\/2024\/08\/analise_reg_23.png' data-fancybox='images' data-caption=''><\/a><\/div><\/li>\n         \n           \n           \n\t\t   \n\t\t<li><div class='foto' style='background-image: url(https:\/\/tpcadvogados.com.br\/wp-content\/uploads\/2024\/08\/analise_reg_22-1.png);'><a href='https:\/\/tpcadvogados.com.br\/wp-content\/uploads\/2024\/08\/analise_reg_22-1.png' data-fancybox='images' data-caption=''><\/a><\/div><\/li>\n         \n           \n           \n\t\t   \n\t\t<li><div class='foto' style='background-image: url(https:\/\/tpcadvogados.com.br\/wp-content\/uploads\/2024\/08\/analise22-1.png);'><a href='https:\/\/tpcadvogados.com.br\/wp-content\/uploads\/2024\/08\/analise22-1.png' data-fancybox='images' data-caption=''><\/a><\/div><\/li>\n         \n           \n           \n\t\t   \n\t\t<li><div class='foto' style='background-image: url(https:\/\/tpcadvogados.com.br\/wp-content\/uploads\/2024\/08\/analise22-2.png);'><a href='https:\/\/tpcadvogados.com.br\/wp-content\/uploads\/2024\/08\/analise22-2.png' data-fancybox='images' data-caption=''><\/a><\/div><\/li>\n         \n           \n           \n\t\t   \n\t\t<li><div class='foto' style='background-image: url(https:\/\/tpcadvogados.com.br\/wp-content\/uploads\/2024\/08\/analise21.png);'><a href='https:\/\/tpcadvogados.com.br\/wp-content\/uploads\/2024\/08\/analise21.png' data-fancybox='images' data-caption=''><\/a><\/div><\/li>\n         \n           \n           \n\t\t   \n\t\t<li><div class='foto' style='background-image: url(https:\/\/tpcadvogados.com.br\/wp-content\/uploads\/2024\/08\/analise20.png);'><a href='https:\/\/tpcadvogados.com.br\/wp-content\/uploads\/2024\/08\/analise20.png' data-fancybox='images' data-caption=''><\/a><\/div><\/li>\n         \n           \n           \n\t\t   \n\t\t<li><div class='foto' style='background-image: url(https:\/\/tpcadvogados.com.br\/wp-content\/uploads\/2024\/08\/analise19.png);'><a href='https:\/\/tpcadvogados.com.br\/wp-content\/uploads\/2024\/08\/analise19.png' data-fancybox='images' data-caption=''><\/a><\/div><\/li>\n         \n           \n           \n\t\t   \n\t\t<li><div class='foto' style='background-image: url(https:\/\/tpcadvogados.com.br\/wp-content\/uploads\/2024\/08\/analise17.png);'><a href='https:\/\/tpcadvogados.com.br\/wp-content\/uploads\/2024\/08\/analise17.png' data-fancybox='images' data-caption=''><\/a><\/div><\/li>\n         \n           \n           \n\t\t   \n\t\t<li><div class='foto' style='background-image: url(https:\/\/tpcadvogados.com.br\/wp-content\/uploads\/2024\/08\/analise16.png);'><a href='https:\/\/tpcadvogados.com.br\/wp-content\/uploads\/2024\/08\/analise16.png' data-fancybox='images' data-caption=''><\/a><\/div><\/li>\n         \n           \n           \n\t\t   \n\t\t<li><div class='foto' style='background-image: url(https:\/\/tpcadvogados.com.br\/wp-content\/uploads\/2024\/08\/analise15.png);'><a href='https:\/\/tpcadvogados.com.br\/wp-content\/uploads\/2024\/08\/analise15.png' data-fancybox='images' data-caption=''><\/a><\/div><\/li>\n         \n           \n           \n\t\t   \n\t\t<li><div class='foto' style='background-image: url(https:\/\/tpcadvogados.com.br\/wp-content\/uploads\/2024\/08\/analise14.png);'><a href='https:\/\/tpcadvogados.com.br\/wp-content\/uploads\/2024\/08\/analise14.png' data-fancybox='images' data-caption=''><\/a><\/div><\/li>\n         \n           <\/ul>\n<\/p>","protected":false},"excerpt":{"rendered":"<p>We are recognized as one of the best law firms in Brazil by the most respected legal rankings, both nationally and internationally, such as Chambers [&hellip;]<\/p>\n","protected":false},"author":3,"featured_media":0,"parent":0,"menu_order":28,"comment_status":"closed","ping_status":"closed","template":"","meta":{"_acf_changed":false,"footnotes":""},"class_list":["post-86","page","type-page","status-publish","hentry"],"acf":[],"yoast_head":"<!-- This site is optimized with the Yoast SEO plugin v27.4 - https:\/\/yoast.com\/product\/yoast-seo-wordpress\/ -->\n<title>Awards - TPC Advogados<\/title>\n<meta name=\"robots\" content=\"index, follow, max-snippet:-1, max-image-preview:large, max-video-preview:-1\" \/>\n<link rel=\"canonical\" href=\"https:\/\/tpcadvogados.com.br\/reconhecimentos\/\" \/>\n<meta property=\"og:locale\" content=\"en_US\" \/>\n<meta property=\"og:type\" content=\"article\" \/>\n<meta property=\"og:title\" content=\"[:pb]Reconhecimentos[:en]Awards[:] - TPC Advogados\" \/>\n<meta property=\"og:description\" content=\"We are recognized as one of the best law firms in Brazil by the most respected legal rankings, both nationally and internationally, such as Chambers [&hellip;]\" \/>\n<meta property=\"og:url\" content=\"https:\/\/tpcadvogados.com.br\/reconhecimentos\/\" \/>\n<meta property=\"og:site_name\" content=\"TPC Advogados\" \/>\n<meta property=\"article:modified_time\" content=\"2026-02-25T20:59:07+00:00\" \/>\n<meta name=\"twitter:card\" content=\"summary_large_image\" \/>\n<meta name=\"twitter:label1\" content=\"Est. reading time\" \/>\n\t<meta name=\"twitter:data1\" content=\"1 minute\" \/>\n<script type=\"application\/ld+json\" class=\"yoast-schema-graph\">{\"@context\":\"https:\\\/\\\/schema.org\",\"@graph\":[{\"@type\":\"WebPage\",\"@id\":\"https:\\\/\\\/tpcadvogados.com.br\\\/reconhecimentos\\\/\",\"url\":\"https:\\\/\\\/tpcadvogados.com.br\\\/reconhecimentos\\\/\",\"name\":\"[:pb]Reconhecimentos[:en]Awards[:] - TPC Advogados\",\"isPartOf\":{\"@id\":\"https:\\\/\\\/tpcadvogados.com.br\\\/#website\"},\"datePublished\":\"2024-08-14T19:28:47+00:00\",\"dateModified\":\"2026-02-25T20:59:07+00:00\",\"breadcrumb\":{\"@id\":\"https:\\\/\\\/tpcadvogados.com.br\\\/reconhecimentos\\\/#breadcrumb\"},\"inLanguage\":\"en-US\",\"potentialAction\":[{\"@type\":\"ReadAction\",\"target\":[\"https:\\\/\\\/tpcadvogados.com.br\\\/reconhecimentos\\\/\"]}]},{\"@type\":\"BreadcrumbList\",\"@id\":\"https:\\\/\\\/tpcadvogados.com.br\\\/reconhecimentos\\\/#breadcrumb\",\"itemListElement\":[{\"@type\":\"ListItem\",\"position\":1,\"name\":\"Home\",\"item\":\"https:\\\/\\\/www.tpcadvogados.com.br\\\/en\\\/\"},{\"@type\":\"ListItem\",\"position\":2,\"name\":\"Reconhecimentos\"}]},{\"@type\":\"WebSite\",\"@id\":\"https:\\\/\\\/tpcadvogados.com.br\\\/#website\",\"url\":\"https:\\\/\\\/tpcadvogados.com.br\\\/\",\"name\":\"TPC Advogados\",\"description\":\"\",\"publisher\":{\"@id\":\"https:\\\/\\\/tpcadvogados.com.br\\\/#organization\"},\"potentialAction\":[{\"@type\":\"SearchAction\",\"target\":{\"@type\":\"EntryPoint\",\"urlTemplate\":\"https:\\\/\\\/tpcadvogados.com.br\\\/?s={search_term_string}\"},\"query-input\":{\"@type\":\"PropertyValueSpecification\",\"valueRequired\":true,\"valueName\":\"search_term_string\"}}],\"inLanguage\":\"en-US\"},{\"@type\":\"Organization\",\"@id\":\"https:\\\/\\\/tpcadvogados.com.br\\\/#organization\",\"name\":\"TPC Advogados\",\"url\":\"https:\\\/\\\/tpcadvogados.com.br\\\/\",\"logo\":{\"@type\":\"ImageObject\",\"inLanguage\":\"en-US\",\"@id\":\"https:\\\/\\\/tpcadvogados.com.br\\\/#\\\/schema\\\/logo\\\/image\\\/\",\"url\":\"https:\\\/\\\/tpcadvogados.com.br\\\/wp-content\\\/uploads\\\/2024\\\/08\\\/favicon.png\",\"contentUrl\":\"https:\\\/\\\/tpcadvogados.com.br\\\/wp-content\\\/uploads\\\/2024\\\/08\\\/favicon.png\",\"width\":512,\"height\":512,\"caption\":\"TPC Advogados\"},\"image\":{\"@id\":\"https:\\\/\\\/tpcadvogados.com.br\\\/#\\\/schema\\\/logo\\\/image\\\/\"}}]}<\/script>\n<!-- \/ Yoast SEO plugin. -->","yoast_head_json":{"title":"[:pb]Reconhecimentos[:en]Awards[:] - TPC Advogados","robots":{"index":"index","follow":"follow","max-snippet":"max-snippet:-1","max-image-preview":"max-image-preview:large","max-video-preview":"max-video-preview:-1"},"canonical":"https:\/\/tpcadvogados.com.br\/reconhecimentos\/","og_locale":"en_US","og_type":"article","og_title":"[:pb]Reconhecimentos[:en]Awards[:] - TPC Advogados","og_description":"We are recognized as one of the best law firms in Brazil by the most respected legal rankings, both nationally and internationally, such as Chambers [&hellip;]","og_url":"https:\/\/tpcadvogados.com.br\/reconhecimentos\/","og_site_name":"TPC Advogados","article_modified_time":"2026-02-25T20:59:07+00:00","twitter_card":"summary_large_image","twitter_misc":{"Est. reading time":"1 minute"},"schema":{"@context":"https:\/\/schema.org","@graph":[{"@type":"WebPage","@id":"https:\/\/tpcadvogados.com.br\/reconhecimentos\/","url":"https:\/\/tpcadvogados.com.br\/reconhecimentos\/","name":"[:pb]Reconhecimentos[:en]Awards[:] - TPC Advogados","isPartOf":{"@id":"https:\/\/tpcadvogados.com.br\/#website"},"datePublished":"2024-08-14T19:28:47+00:00","dateModified":"2026-02-25T20:59:07+00:00","breadcrumb":{"@id":"https:\/\/tpcadvogados.com.br\/reconhecimentos\/#breadcrumb"},"inLanguage":"en-US","potentialAction":[{"@type":"ReadAction","target":["https:\/\/tpcadvogados.com.br\/reconhecimentos\/"]}]},{"@type":"BreadcrumbList","@id":"https:\/\/tpcadvogados.com.br\/reconhecimentos\/#breadcrumb","itemListElement":[{"@type":"ListItem","position":1,"name":"Home","item":"https:\/\/www.tpcadvogados.com.br\/en\/"},{"@type":"ListItem","position":2,"name":"Reconhecimentos"}]},{"@type":"WebSite","@id":"https:\/\/tpcadvogados.com.br\/#website","url":"https:\/\/tpcadvogados.com.br\/","name":"TPC Advogados","description":"","publisher":{"@id":"https:\/\/tpcadvogados.com.br\/#organization"},"potentialAction":[{"@type":"SearchAction","target":{"@type":"EntryPoint","urlTemplate":"https:\/\/tpcadvogados.com.br\/?s={search_term_string}"},"query-input":{"@type":"PropertyValueSpecification","valueRequired":true,"valueName":"search_term_string"}}],"inLanguage":"en-US"},{"@type":"Organization","@id":"https:\/\/tpcadvogados.com.br\/#organization","name":"TPC Advogados","url":"https:\/\/tpcadvogados.com.br\/","logo":{"@type":"ImageObject","inLanguage":"en-US","@id":"https:\/\/tpcadvogados.com.br\/#\/schema\/logo\/image\/","url":"https:\/\/tpcadvogados.com.br\/wp-content\/uploads\/2024\/08\/favicon.png","contentUrl":"https:\/\/tpcadvogados.com.br\/wp-content\/uploads\/2024\/08\/favicon.png","width":512,"height":512,"caption":"TPC Advogados"},"image":{"@id":"https:\/\/tpcadvogados.com.br\/#\/schema\/logo\/image\/"}}]}},"_links":{"self":[{"href":"https:\/\/tpcadvogados.com.br\/en\/wp-json\/wp\/v2\/pages\/86","targetHints":{"allow":["GET"]}}],"collection":[{"href":"https:\/\/tpcadvogados.com.br\/en\/wp-json\/wp\/v2\/pages"}],"about":[{"href":"https:\/\/tpcadvogados.com.br\/en\/wp-json\/wp\/v2\/types\/page"}],"author":[{"embeddable":true,"href":"https:\/\/tpcadvogados.com.br\/en\/wp-json\/wp\/v2\/users\/3"}],"replies":[{"embeddable":true,"href":"https:\/\/tpcadvogados.com.br\/en\/wp-json\/wp\/v2\/comments?post=86"}],"version-history":[{"count":18,"href":"https:\/\/tpcadvogados.com.br\/en\/wp-json\/wp\/v2\/pages\/86\/revisions"}],"predecessor-version":[{"id":1293,"href":"https:\/\/tpcadvogados.com.br\/en\/wp-json\/wp\/v2\/pages\/86\/revisions\/1293"}],"wp:attachment":[{"href":"https:\/\/tpcadvogados.com.br\/en\/wp-json\/wp\/v2\/media?parent=86"}],"curies":[{"name":"wp","href":"https:\/\/api.w.org\/{rel}","templated":true}]}}